{"id":267,"date":"2023-11-04T12:13:40","date_gmt":"2023-11-04T19:13:40","guid":{"rendered":"https:\/\/digimon-library.com\/?page_id=267"},"modified":"2026-01-10T20:43:52","modified_gmt":"2026-01-11T03:43:52","slug":"digital-monster-mo-powerful-data-book","status":"publish","type":"page","link":"https:\/\/digimon-library.com\/es\/digital-monster-mo-powerful-data-book\/","title":{"rendered":"Digital Monster Libro de Datos Mas Poderoso"},"content":{"rendered":"<h1 style=\"text-align: center;\"><span style=\"font-family: helvetica, arial, sans-serif;\">Digital Monster Mo-Powerful Data Book<\/span><\/h1>\n<p style=\"text-align: center;\"><div class=\"_df_book df-lite\" id=\"df_1708\"  _slug=\"digital-monster-mo-powerful-data-book\" data-title=\"digital-monster-mo-powerful-data-book\" wpoptions=\"true\" thumb=\"https:\/\/digimon-library.com\/wp-content\/uploads\/01-3.png\" thumbtype=\"\" ><\/div><script class=\"df-shortcode-script\" nowprocket type=\"application\/javascript\">window.option_df_1708 = {\"outline\":[],\"backgroundColor\":\"transparent\",\"autoEnableOutline\":\"false\",\"autoEnableThumbnail\":\"false\",\"overwritePDFOutline\":\"false\",\"direction\":\"1\",\"pageSize\":\"0\",\"soundEnable\":\"false\",\"source\":\"https:\\\/\\\/digimon-library.com\\\/wp-content\\\/uploads\\\/Digital-Monster-Mo-Powerful-Data-Book-1997-Flipbook.pdf\",\"wpOptions\":\"true\"}; if(window.DFLIP && window.DFLIP.parseBooks){window.DFLIP.parseBooks();}<\/script><\/p>\n<p style=\"text-align: center;\"><strong><span style=\"font-family: helvetica, arial, sans-serif;\"><a href=\"https:\/\/mega.nz\/folder\/Q1JkDbQb#7tGMMIq6bnfP7V2ztWEepg\">Direct Download (MEGA)<\/a><\/span><\/strong><\/p>\n<p style=\"text-align: center;\">\n<div class=\"sp-wrap sp-wrap-lightblue\">\n<div class=\"sp-head\" title=\"Ampliar\">\nDetails\n<\/div>\n<div class=\"sp-body folded\">\n<\/p>\n<p style=\"text-align: center;\"><span style=\"font-family: helvetica, arial, sans-serif; font-size: 10pt;\"><strong>Original Title: <\/strong>\u30c7\u30b8\u30bf\u30eb\u30e2\u30f3\u30b9\u30bf\u30fc\u6700\u5f37\u30c7\u30fc\u30bf\u30d6\u30c3\u30af<\/span><br \/>\n<span style=\"font-family: helvetica, arial, sans-serif; font-size: 10pt;\">[Dejitaru Monsut\u0101 Saiky\u014d D\u0113ta bukku]<\/span><br \/>\n<span style=\"font-family: helvetica, arial, sans-serif; font-size: 10pt;\"><strong>Date of release:<\/strong> September 19, 1997<\/span><br \/>\n<span style=\"font-family: helvetica, arial, sans-serif; font-size: 10pt;\"><strong>ISBN-13:<\/strong> 978-4870259881<\/span><br \/>\n<span style=\"font-family: helvetica, arial, sans-serif; font-size: 10pt;\"><strong>ISBN-10:<\/strong> 4-87025-988-5<\/span><br \/>\n<span style=\"font-family: helvetica, arial, sans-serif; font-size: 10pt;\"><strong>Files:<\/strong>\u00a0RAR\/.PNG &amp; .PDF<\/span><br \/>\n<span style=\"font-family: helvetica, arial, sans-serif; font-size: 10pt;\"><strong>Quality:<\/strong>\u00a0300 DPI<\/span><br \/>\n<span style=\"font-family: helvetica, arial, sans-serif; font-size: 10pt;\"><strong>File Size:<\/strong> 455.6 MB (RAR), 206.9 MB (PDF)<\/span><\/p>\n<p style=\"text-align: center;\">\n<\/div>\n<\/div>\n<\/p>\n","protected":false},"excerpt":{"rendered":"<p>Digital Monster Mo-Powerful Data Book Direct Download (MEGA)<\/p>","protected":false},"author":1,"featured_media":123,"parent":0,"menu_order":0,"comment_status":"open","ping_status":"open","template":"","meta":{"site-sidebar-layout":"default","site-content-layout":"","ast-site-content-layout":"default","site-content-style":"default","site-sidebar-style":"default","ast-global-header-display":"","ast-banner-title-visibility":"","ast-main-header-display":"","ast-hfb-above-header-display":"","ast-hfb-below-header-display":"","ast-hfb-mobile-header-display":"","site-post-title":"disabled","ast-breadcrumbs-content":"","ast-featured-img":"disabled","footer-sml-layout":"","ast-disable-related-posts":"","theme-transparent-header-meta":"default","adv-header-id-meta":"","stick-header-meta":"","header-above-stick-meta":"","header-main-stick-meta":"","header-below-stick-meta":"","astra-migrate-meta-layouts":"set","ast-page-background-enabled":"default","ast-page-background-meta":{"desktop":{"background-color":"var(--ast-global-color-4)","background-image":"","background-repeat":"repeat","background-position":"center center","background-size":"auto","background-attachment":"scroll","background-type":"","background-media":"","overlay-type":"","overlay-color":"","overlay-opacity":"","overlay-gradient":""},"tablet":{"background-color":"","background-image":"","background-repeat":"repeat","background-position":"center center","background-size":"auto","background-attachment":"scroll","background-type":"","background-media":"","overlay-type":"","overlay-color":"","overlay-opacity":"","overlay-gradient":""},"mobile":{"background-color":"","background-image":"","background-repeat":"repeat","background-position":"center center","background-size":"auto","background-attachment":"scroll","background-type":"","background-media":"","overlay-type":"","overlay-color":"","overlay-opacity":"","overlay-gradient":""}},"ast-content-background-meta":{"desktop":{"background-color":"var(--ast-global-color-5)","background-image":"","background-repeat":"repeat","background-position":"center center","background-size":"auto","background-attachment":"scroll","background-type":"","background-media":"","overlay-type":"","overlay-color":"","overlay-opacity":"","overlay-gradient":""},"tablet":{"background-color":"var(--ast-global-color-5)","background-image":"","background-repeat":"repeat","background-position":"center center","background-size":"auto","background-attachment":"scroll","background-type":"","background-media":"","overlay-type":"","overlay-color":"","overlay-opacity":"","overlay-gradient":""},"mobile":{"background-color":"var(--ast-global-color-5)","background-image":"","background-repeat":"repeat","background-position":"center center","background-size":"auto","background-attachment":"scroll","background-type":"","background-media":"","overlay-type":"","overlay-color":"","overlay-opacity":"","overlay-gradient":""}},"cybocfi_hide_featured_image":"","footnotes":""},"class_list":["post-267","page","type-page","status-publish","has-post-thumbnail","hentry"],"yoast_head":"<!-- This site is optimized with the Yoast SEO plugin v27.4 - https:\/\/yoast.com\/product\/yoast-seo-wordpress\/ -->\n<title>Digital Monster Mo-Powerful Data Book - Digimon Library<\/title>\n<meta name=\"robots\" content=\"index, follow, max-snippet:-1, max-image-preview:large, max-video-preview:-1\" \/>\n<link rel=\"canonical\" href=\"https:\/\/digimon-library.com\/es\/digital-monster-mo-powerful-data-book\/\" \/>\n<meta property=\"og:locale\" content=\"es_ES\" \/>\n<meta property=\"og:type\" content=\"article\" \/>\n<meta property=\"og:title\" content=\"Digital Monster Mo-Powerful Data Book - Digimon Library\" \/>\n<meta property=\"og:description\" content=\"Digital Monster Mo-Powerful Data Book Direct Download (MEGA)\" \/>\n<meta property=\"og:url\" content=\"https:\/\/digimon-library.com\/es\/digital-monster-mo-powerful-data-book\/\" \/>\n<meta property=\"og:site_name\" content=\"Digimon Library\" \/>\n<meta property=\"article:modified_time\" content=\"2026-01-11T03:43:52+00:00\" \/>\n<meta property=\"og:image\" content=\"https:\/\/digimon-library.com\/wp-content\/uploads\/01-3-764x1024.png\" \/>\n\t<meta property=\"og:image:width\" content=\"764\" \/>\n\t<meta property=\"og:image:height\" content=\"1024\" \/>\n\t<meta property=\"og:image:type\" content=\"image\/png\" \/>\n<meta name=\"twitter:card\" content=\"summary_large_image\" \/>\n<meta name=\"twitter:label1\" content=\"Tiempo de lectura\" \/>\n\t<meta name=\"twitter:data1\" content=\"1 minuto\" \/>\n<script type=\"application\/ld+json\" class=\"yoast-schema-graph\">{\"@context\":\"https:\\\/\\\/schema.org\",\"@graph\":[{\"@type\":\"WebPage\",\"@id\":\"https:\\\/\\\/digimon-library.com\\\/es\\\/digital-monster-mo-powerful-data-book\\\/\",\"url\":\"https:\\\/\\\/digimon-library.com\\\/es\\\/digital-monster-mo-powerful-data-book\\\/\",\"name\":\"Digital Monster Mo-Powerful Data Book - Digimon Library\",\"isPartOf\":{\"@id\":\"https:\\\/\\\/digimon-library.com\\\/es\\\/#website\"},\"primaryImageOfPage\":{\"@id\":\"https:\\\/\\\/digimon-library.com\\\/es\\\/digital-monster-mo-powerful-data-book\\\/#primaryimage\"},\"image\":{\"@id\":\"https:\\\/\\\/digimon-library.com\\\/es\\\/digital-monster-mo-powerful-data-book\\\/#primaryimage\"},\"thumbnailUrl\":\"https:\\\/\\\/i0.wp.com\\\/digimon-library.com\\\/wp-content\\\/uploads\\\/01-3.png?fit=1291%2C1730&ssl=1\",\"datePublished\":\"2023-11-04T19:13:40+00:00\",\"dateModified\":\"2026-01-11T03:43:52+00:00\",\"breadcrumb\":{\"@id\":\"https:\\\/\\\/digimon-library.com\\\/es\\\/digital-monster-mo-powerful-data-book\\\/#breadcrumb\"},\"inLanguage\":\"es\",\"potentialAction\":[{\"@type\":\"ReadAction\",\"target\":[\"https:\\\/\\\/digimon-library.com\\\/es\\\/digital-monster-mo-powerful-data-book\\\/\"]}]},{\"@type\":\"ImageObject\",\"inLanguage\":\"es\",\"@id\":\"https:\\\/\\\/digimon-library.com\\\/es\\\/digital-monster-mo-powerful-data-book\\\/#primaryimage\",\"url\":\"https:\\\/\\\/i0.wp.com\\\/digimon-library.com\\\/wp-content\\\/uploads\\\/01-3.png?fit=1291%2C1730&ssl=1\",\"contentUrl\":\"https:\\\/\\\/i0.wp.com\\\/digimon-library.com\\\/wp-content\\\/uploads\\\/01-3.png?fit=1291%2C1730&ssl=1\",\"width\":1291,\"height\":1730},{\"@type\":\"BreadcrumbList\",\"@id\":\"https:\\\/\\\/digimon-library.com\\\/es\\\/digital-monster-mo-powerful-data-book\\\/#breadcrumb\",\"itemListElement\":[{\"@type\":\"ListItem\",\"position\":1,\"name\":\"Home\",\"item\":\"https:\\\/\\\/digimon-library.com\\\/\"},{\"@type\":\"ListItem\",\"position\":2,\"name\":\"Digital Monster Mo-Powerful Data Book\"}]},{\"@type\":\"WebSite\",\"@id\":\"https:\\\/\\\/digimon-library.com\\\/es\\\/#website\",\"url\":\"https:\\\/\\\/digimon-library.com\\\/es\\\/\",\"name\":\"Digimon Library\",\"description\":\"The Biggest archive of Digimon Books\",\"publisher\":{\"@id\":\"https:\\\/\\\/digimon-library.com\\\/es\\\/#\\\/schema\\\/person\\\/e5ceeeaa5657d11e368c5d94488bc2f6\"},\"potentialAction\":[{\"@type\":\"SearchAction\",\"target\":{\"@type\":\"EntryPoint\",\"urlTemplate\":\"https:\\\/\\\/digimon-library.com\\\/es\\\/?s={search_term_string}\"},\"query-input\":{\"@type\":\"PropertyValueSpecification\",\"valueRequired\":true,\"valueName\":\"search_term_string\"}}],\"inLanguage\":\"es\"},{\"@type\":[\"Person\",\"Organization\"],\"@id\":\"https:\\\/\\\/digimon-library.com\\\/es\\\/#\\\/schema\\\/person\\\/e5ceeeaa5657d11e368c5d94488bc2f6\",\"name\":\"Kyamos The Stubborn\",\"image\":{\"@type\":\"ImageObject\",\"inLanguage\":\"es\",\"@id\":\"https:\\\/\\\/i0.wp.com\\\/digimon-library.com\\\/wp-content\\\/uploads\\\/Digimon-Library-Logo-1.png?fit=2560%2C560&ssl=1\",\"url\":\"https:\\\/\\\/i0.wp.com\\\/digimon-library.com\\\/wp-content\\\/uploads\\\/Digimon-Library-Logo-1.png?fit=2560%2C560&ssl=1\",\"contentUrl\":\"https:\\\/\\\/i0.wp.com\\\/digimon-library.com\\\/wp-content\\\/uploads\\\/Digimon-Library-Logo-1.png?fit=2560%2C560&ssl=1\",\"width\":2560,\"height\":560,\"caption\":\"Kyamos The Stubborn\"},\"logo\":{\"@id\":\"https:\\\/\\\/i0.wp.com\\\/digimon-library.com\\\/wp-content\\\/uploads\\\/Digimon-Library-Logo-1.png?fit=2560%2C560&ssl=1\"},\"description\":\"Admin, amateur translator and collectionist of many things. On a mission to acquire and share all kind of Digimon Books.\",\"sameAs\":[\"https:\\\/\\\/digimon-library.com\"]}]}<\/script>\n<!-- \/ Yoast SEO plugin. -->","yoast_head_json":{"title":"Digital Monster Mo-Powerful Data Book - Digimon Library","robots":{"index":"index","follow":"follow","max-snippet":"max-snippet:-1","max-image-preview":"max-image-preview:large","max-video-preview":"max-video-preview:-1"},"canonical":"https:\/\/digimon-library.com\/es\/digital-monster-mo-powerful-data-book\/","og_locale":"es_ES","og_type":"article","og_title":"Digital Monster Mo-Powerful Data Book - Digimon Library","og_description":"Digital Monster Mo-Powerful Data Book Direct Download (MEGA)","og_url":"https:\/\/digimon-library.com\/es\/digital-monster-mo-powerful-data-book\/","og_site_name":"Digimon Library","article_modified_time":"2026-01-11T03:43:52+00:00","og_image":[{"width":764,"height":1024,"url":"https:\/\/digimon-library.com\/wp-content\/uploads\/01-3-764x1024.png","type":"image\/png"}],"twitter_card":"summary_large_image","twitter_misc":{"Tiempo de lectura":"1 minuto"},"schema":{"@context":"https:\/\/schema.org","@graph":[{"@type":"WebPage","@id":"https:\/\/digimon-library.com\/es\/digital-monster-mo-powerful-data-book\/","url":"https:\/\/digimon-library.com\/es\/digital-monster-mo-powerful-data-book\/","name":"Digital Monster Mo-Powerful Data Book - Digimon Library","isPartOf":{"@id":"https:\/\/digimon-library.com\/es\/#website"},"primaryImageOfPage":{"@id":"https:\/\/digimon-library.com\/es\/digital-monster-mo-powerful-data-book\/#primaryimage"},"image":{"@id":"https:\/\/digimon-library.com\/es\/digital-monster-mo-powerful-data-book\/#primaryimage"},"thumbnailUrl":"https:\/\/i0.wp.com\/digimon-library.com\/wp-content\/uploads\/01-3.png?fit=1291%2C1730&ssl=1","datePublished":"2023-11-04T19:13:40+00:00","dateModified":"2026-01-11T03:43:52+00:00","breadcrumb":{"@id":"https:\/\/digimon-library.com\/es\/digital-monster-mo-powerful-data-book\/#breadcrumb"},"inLanguage":"es","potentialAction":[{"@type":"ReadAction","target":["https:\/\/digimon-library.com\/es\/digital-monster-mo-powerful-data-book\/"]}]},{"@type":"ImageObject","inLanguage":"es","@id":"https:\/\/digimon-library.com\/es\/digital-monster-mo-powerful-data-book\/#primaryimage","url":"https:\/\/i0.wp.com\/digimon-library.com\/wp-content\/uploads\/01-3.png?fit=1291%2C1730&ssl=1","contentUrl":"https:\/\/i0.wp.com\/digimon-library.com\/wp-content\/uploads\/01-3.png?fit=1291%2C1730&ssl=1","width":1291,"height":1730},{"@type":"BreadcrumbList","@id":"https:\/\/digimon-library.com\/es\/digital-monster-mo-powerful-data-book\/#breadcrumb","itemListElement":[{"@type":"ListItem","position":1,"name":"Home","item":"https:\/\/digimon-library.com\/"},{"@type":"ListItem","position":2,"name":"Digital Monster Mo-Powerful Data Book"}]},{"@type":"WebSite","@id":"https:\/\/digimon-library.com\/es\/#website","url":"https:\/\/digimon-library.com\/es\/","name":"Digimon Library","description":"El Mayor archivo de Libros Digimon","publisher":{"@id":"https:\/\/digimon-library.com\/es\/#\/schema\/person\/e5ceeeaa5657d11e368c5d94488bc2f6"},"potentialAction":[{"@type":"SearchAction","target":{"@type":"EntryPoint","urlTemplate":"https:\/\/digimon-library.com\/es\/?s={search_term_string}"},"query-input":{"@type":"PropertyValueSpecification","valueRequired":true,"valueName":"search_term_string"}}],"inLanguage":"es"},{"@type":["Person","Organization"],"@id":"https:\/\/digimon-library.com\/es\/#\/schema\/person\/e5ceeeaa5657d11e368c5d94488bc2f6","name":"Kyamos The Stubborn","image":{"@type":"ImageObject","inLanguage":"es","@id":"https:\/\/i0.wp.com\/digimon-library.com\/wp-content\/uploads\/Digimon-Library-Logo-1.png?fit=2560%2C560&ssl=1","url":"https:\/\/i0.wp.com\/digimon-library.com\/wp-content\/uploads\/Digimon-Library-Logo-1.png?fit=2560%2C560&ssl=1","contentUrl":"https:\/\/i0.wp.com\/digimon-library.com\/wp-content\/uploads\/Digimon-Library-Logo-1.png?fit=2560%2C560&ssl=1","width":2560,"height":560,"caption":"Kyamos The Stubborn"},"logo":{"@id":"https:\/\/i0.wp.com\/digimon-library.com\/wp-content\/uploads\/Digimon-Library-Logo-1.png?fit=2560%2C560&ssl=1"},"description":"Admin, amateur translator and collectionist of many things. On a mission to acquire and share all kind of Digimon Books.","sameAs":["https:\/\/digimon-library.com"]}]}},"jetpack_sharing_enabled":true,"_links":{"self":[{"href":"https:\/\/digimon-library.com\/es\/wp-json\/wp\/v2\/pages\/267","targetHints":{"allow":["GET"]}}],"collection":[{"href":"https:\/\/digimon-library.com\/es\/wp-json\/wp\/v2\/pages"}],"about":[{"href":"https:\/\/digimon-library.com\/es\/wp-json\/wp\/v2\/types\/page"}],"author":[{"embeddable":true,"href":"https:\/\/digimon-library.com\/es\/wp-json\/wp\/v2\/users\/1"}],"replies":[{"embeddable":true,"href":"https:\/\/digimon-library.com\/es\/wp-json\/wp\/v2\/comments?post=267"}],"version-history":[{"count":4,"href":"https:\/\/digimon-library.com\/es\/wp-json\/wp\/v2\/pages\/267\/revisions"}],"predecessor-version":[{"id":2865,"href":"https:\/\/digimon-library.com\/es\/wp-json\/wp\/v2\/pages\/267\/revisions\/2865"}],"wp:featuredmedia":[{"embeddable":true,"href":"https:\/\/digimon-library.com\/es\/wp-json\/wp\/v2\/media\/123"}],"wp:attachment":[{"href":"https:\/\/digimon-library.com\/es\/wp-json\/wp\/v2\/media?parent=267"}],"curies":[{"name":"wp","href":"https:\/\/api.w.org\/{rel}","templated":true}]}}