{"id":3216,"date":"2026-04-12T11:18:15","date_gmt":"2026-04-12T18:18:15","guid":{"rendered":"https:\/\/digimon-library.com\/?page_id=3216"},"modified":"2026-04-12T11:18:15","modified_gmt":"2026-04-12T18:18:15","slug":"digimon-world-digital-card-battle-playstation-winning-strategy-special","status":"publish","type":"page","link":"https:\/\/digimon-library.com\/es\/digimon-world-digital-card-battle-playstation-winning-strategy-special\/","title":{"rendered":"Digimon World: Digital Card Battle (Especial de Estrategia Ganadora de PlayStation)"},"content":{"rendered":"<h1 style=\"text-align: center;\"><span style=\"font-family: helvetica, arial, sans-serif;\">Digimon World: Digital Card Battle (Playstation Winning Strategy Special)<\/span><\/h1>\n<p style=\"text-align: center;\"><div class=\"_df_book df-lite\" id=\"df_3211\"  _slug=\"digimon-world-digital-card-battle-playstation-winning-strategy-special\" data-title=\"digimon-world-digital-card-battle-playstation-winning-strategy-special\" wpoptions=\"true\" thumb=\"https:\/\/digimon-library.com\/wp-content\/uploads\/Digimon-World-Digital-Card-Battle-Playstation-Winning-Strategy-Special-scaled.png\" thumbtype=\"\" ><\/div><script class=\"df-shortcode-script\" nowprocket type=\"application\/javascript\">window.option_df_3211 = {\"outline\":[],\"backgroundColor\":\"transparent\",\"autoEnableOutline\":\"false\",\"autoEnableThumbnail\":\"false\",\"overwritePDFOutline\":\"false\",\"direction\":\"1\",\"pageSize\":\"0\",\"soundEnable\":\"false\",\"source\":\"https:\\\/\\\/digimon-library.com\\\/wp-content\\\/uploads\\\/Digimon-World-Digital-Card-Battle-Playstation-Winning-Strategy-Special-2000-Flipbook.pdf\",\"wpOptions\":\"true\"}; if(window.DFLIP && window.DFLIP.parseBooks){window.DFLIP.parseBooks();}<\/script><\/p>\n<p style=\"text-align: center;\"><span style=\"font-family: helvetica, arial, sans-serif;\"><a href=\"https:\/\/drive.google.com\/drive\/folders\/1DiJtda15wJswd1Y702pWFb6dYJEvToqU?usp=sharing\"><strong>Direct Download (Google Drive)<\/strong><\/a><\/span><\/p>\n<p style=\"text-align: center;\">\n<div class=\"sp-wrap sp-wrap-lightblue\">\n<div class=\"sp-head\" title=\"Ampliar\">\nDetails\n<\/div>\n<div class=\"sp-body folded\">\n<\/p>\n<p style=\"text-align: center;\"><span style=\"font-family: helvetica, arial, sans-serif; font-size: 10pt;\"><strong>Original Title:<\/strong> \u30c7\u30b8\u30e2\u30f3\u30ef\u30fc\u30eb\u30c9\u30c7\u30b8\u30bf\u30eb\u30ab\u30fc\u30c9\u30d0\u30c8\u30eb (\u30d7\u30ec\u30a4\u30b9\u30c6\u30fc\u30b7\u30e7\u30f3\u5fc5\u52dd\u6cd5\u30b9\u30da\u30b7\u30e3\u30eb)<\/span><br \/>\n<span style=\"font-family: helvetica, arial, sans-serif; font-size: 10pt;\">[Dejimon W\u0101rudo Dejitaru K\u0101do Batoru (Pureisut\u0113shon Hissh\u014d-h\u014d Supesharu)]<\/span><br \/>\n<span style=\"font-family: helvetica, arial, sans-serif; font-size: 10pt;\"><strong>Date of release:<\/strong> March, 2000<\/span><br \/>\n<span style=\"font-family: helvetica, arial, sans-serif; font-size: 10pt;\"><strong>ISBN-13:<\/strong> 978-4766934311<\/span><br \/>\n<span style=\"font-family: helvetica, arial, sans-serif; font-size: 10pt;\"><strong>ISBN-10:<\/strong> 4-7669-3431-8<\/span><br \/>\n<span style=\"font-family: helvetica, arial, sans-serif; font-size: 10pt;\"><strong>Files:<\/strong>\u00a0RAR\/.PNG &amp; .PDF<\/span><br \/>\n<span style=\"font-family: helvetica, arial, sans-serif; font-size: 10pt;\"><strong>Quality:<\/strong> 400 DPI<\/span><br \/>\n<span style=\"font-family: helvetica, arial, sans-serif; font-size: 10pt;\"><strong>File Size: <\/strong>2.26 GB (RAR), 139.1 MB (PDF)<\/span><\/p>\n<p style=\"text-align: center;\">\n<\/div>\n<\/div>\n<\/p>\n","protected":false},"excerpt":{"rendered":"<p>Digimon World: Digital Card Battle (Playstation Winning Strategy Special) Direct Download (Google Drive)<\/p>","protected":false},"author":1,"featured_media":3214,"parent":0,"menu_order":0,"comment_status":"open","ping_status":"open","template":"","meta":{"site-sidebar-layout":"default","site-content-layout":"","ast-site-content-layout":"default","site-content-style":"default","site-sidebar-style":"default","ast-global-header-display":"","ast-banner-title-visibility":"","ast-main-header-display":"","ast-hfb-above-header-display":"","ast-hfb-below-header-display":"","ast-hfb-mobile-header-display":"","site-post-title":"disabled","ast-breadcrumbs-content":"","ast-featured-img":"disabled","footer-sml-layout":"","ast-disable-related-posts":"","theme-transparent-header-meta":"default","adv-header-id-meta":"","stick-header-meta":"","header-above-stick-meta":"","header-main-stick-meta":"","header-below-stick-meta":"","astra-migrate-meta-layouts":"set","ast-page-background-enabled":"default","ast-page-background-meta":{"desktop":{"background-color":"var(--ast-global-color-4)","background-image":"","background-repeat":"repeat","background-position":"center center","background-size":"auto","background-attachment":"scroll","background-type":"","background-media":"","overlay-type":"","overlay-color":"","overlay-opacity":"","overlay-gradient":""},"tablet":{"background-color":"","background-image":"","background-repeat":"repeat","background-position":"center center","background-size":"auto","background-attachment":"scroll","background-type":"","background-media":"","overlay-type":"","overlay-color":"","overlay-opacity":"","overlay-gradient":""},"mobile":{"background-color":"","background-image":"","background-repeat":"repeat","background-position":"center center","background-size":"auto","background-attachment":"scroll","background-type":"","background-media":"","overlay-type":"","overlay-color":"","overlay-opacity":"","overlay-gradient":""}},"ast-content-background-meta":{"desktop":{"background-color":"var(--ast-global-color-5)","background-image":"","background-repeat":"repeat","background-position":"center center","background-size":"auto","background-attachment":"scroll","background-type":"","background-media":"","overlay-type":"","overlay-color":"","overlay-opacity":"","overlay-gradient":""},"tablet":{"background-color":"var(--ast-global-color-5)","background-image":"","background-repeat":"repeat","background-position":"center center","background-size":"auto","background-attachment":"scroll","background-type":"","background-media":"","overlay-type":"","overlay-color":"","overlay-opacity":"","overlay-gradient":""},"mobile":{"background-color":"var(--ast-global-color-5)","background-image":"","background-repeat":"repeat","background-position":"center center","background-size":"auto","background-attachment":"scroll","background-type":"","background-media":"","overlay-type":"","overlay-color":"","overlay-opacity":"","overlay-gradient":""}},"cybocfi_hide_featured_image":"","footnotes":""},"class_list":["post-3216","page","type-page","status-publish","has-post-thumbnail","hentry"],"yoast_head":"<!-- This site is optimized with the Yoast SEO plugin v27.4 - https:\/\/yoast.com\/product\/yoast-seo-wordpress\/ -->\n<title>Digimon World: Digital Card Battle (Playstation Winning Strategy Special) - Digimon Library<\/title>\n<meta name=\"robots\" content=\"index, follow, max-snippet:-1, max-image-preview:large, max-video-preview:-1\" \/>\n<link rel=\"canonical\" href=\"https:\/\/digimon-library.com\/es\/digimon-world-digital-card-battle-playstation-winning-strategy-special\/\" \/>\n<meta property=\"og:locale\" content=\"es_ES\" \/>\n<meta property=\"og:type\" content=\"article\" \/>\n<meta property=\"og:title\" content=\"Digimon World: Digital Card Battle (Playstation Winning Strategy Special) - Digimon Library\" \/>\n<meta property=\"og:description\" content=\"Digimon World: Digital Card Battle (Playstation Winning Strategy Special) Direct Download (Google Drive)\" \/>\n<meta property=\"og:url\" content=\"https:\/\/digimon-library.com\/es\/digimon-world-digital-card-battle-playstation-winning-strategy-special\/\" \/>\n<meta property=\"og:site_name\" content=\"Digimon Library\" \/>\n<meta property=\"og:image\" content=\"https:\/\/digimon-library.com\/wp-content\/uploads\/Digimon-World-Digital-Card-Battle-Playstation-Winning-Strategy-Special-775x1024.png\" \/>\n\t<meta property=\"og:image:width\" content=\"775\" \/>\n\t<meta property=\"og:image:height\" content=\"1024\" \/>\n\t<meta property=\"og:image:type\" content=\"image\/png\" \/>\n<meta name=\"twitter:card\" content=\"summary_large_image\" \/>\n<meta name=\"twitter:label1\" content=\"Tiempo de lectura\" \/>\n\t<meta name=\"twitter:data1\" content=\"1 minuto\" \/>\n<script type=\"application\/ld+json\" class=\"yoast-schema-graph\">{\"@context\":\"https:\\\/\\\/schema.org\",\"@graph\":[{\"@type\":\"WebPage\",\"@id\":\"https:\\\/\\\/digimon-library.com\\\/es\\\/digimon-world-digital-card-battle-playstation-winning-strategy-special\\\/\",\"url\":\"https:\\\/\\\/digimon-library.com\\\/es\\\/digimon-world-digital-card-battle-playstation-winning-strategy-special\\\/\",\"name\":\"Digimon World: Digital Card Battle (Playstation Winning Strategy Special) - Digimon Library\",\"isPartOf\":{\"@id\":\"https:\\\/\\\/digimon-library.com\\\/es\\\/#website\"},\"primaryImageOfPage\":{\"@id\":\"https:\\\/\\\/digimon-library.com\\\/es\\\/digimon-world-digital-card-battle-playstation-winning-strategy-special\\\/#primaryimage\"},\"image\":{\"@id\":\"https:\\\/\\\/digimon-library.com\\\/es\\\/digimon-world-digital-card-battle-playstation-winning-strategy-special\\\/#primaryimage\"},\"thumbnailUrl\":\"https:\\\/\\\/i0.wp.com\\\/digimon-library.com\\\/wp-content\\\/uploads\\\/Digimon-World-Digital-Card-Battle-Playstation-Winning-Strategy-Special-scaled.png?fit=1938%2C2560&ssl=1\",\"datePublished\":\"2026-04-12T18:18:15+00:00\",\"breadcrumb\":{\"@id\":\"https:\\\/\\\/digimon-library.com\\\/es\\\/digimon-world-digital-card-battle-playstation-winning-strategy-special\\\/#breadcrumb\"},\"inLanguage\":\"es\",\"potentialAction\":[{\"@type\":\"ReadAction\",\"target\":[\"https:\\\/\\\/digimon-library.com\\\/es\\\/digimon-world-digital-card-battle-playstation-winning-strategy-special\\\/\"]}]},{\"@type\":\"ImageObject\",\"inLanguage\":\"es\",\"@id\":\"https:\\\/\\\/digimon-library.com\\\/es\\\/digimon-world-digital-card-battle-playstation-winning-strategy-special\\\/#primaryimage\",\"url\":\"https:\\\/\\\/i0.wp.com\\\/digimon-library.com\\\/wp-content\\\/uploads\\\/Digimon-World-Digital-Card-Battle-Playstation-Winning-Strategy-Special-scaled.png?fit=1938%2C2560&ssl=1\",\"contentUrl\":\"https:\\\/\\\/i0.wp.com\\\/digimon-library.com\\\/wp-content\\\/uploads\\\/Digimon-World-Digital-Card-Battle-Playstation-Winning-Strategy-Special-scaled.png?fit=1938%2C2560&ssl=1\",\"width\":1938,\"height\":2560},{\"@type\":\"BreadcrumbList\",\"@id\":\"https:\\\/\\\/digimon-library.com\\\/es\\\/digimon-world-digital-card-battle-playstation-winning-strategy-special\\\/#breadcrumb\",\"itemListElement\":[{\"@type\":\"ListItem\",\"position\":1,\"name\":\"Home\",\"item\":\"https:\\\/\\\/digimon-library.com\\\/\"},{\"@type\":\"ListItem\",\"position\":2,\"name\":\"Digimon World: Digital Card Battle (Playstation Winning Strategy Special)\"}]},{\"@type\":\"WebSite\",\"@id\":\"https:\\\/\\\/digimon-library.com\\\/es\\\/#website\",\"url\":\"https:\\\/\\\/digimon-library.com\\\/es\\\/\",\"name\":\"Digimon Library\",\"description\":\"The Biggest archive of Digimon Books\",\"publisher\":{\"@id\":\"https:\\\/\\\/digimon-library.com\\\/es\\\/#\\\/schema\\\/person\\\/e5ceeeaa5657d11e368c5d94488bc2f6\"},\"potentialAction\":[{\"@type\":\"SearchAction\",\"target\":{\"@type\":\"EntryPoint\",\"urlTemplate\":\"https:\\\/\\\/digimon-library.com\\\/es\\\/?s={search_term_string}\"},\"query-input\":{\"@type\":\"PropertyValueSpecification\",\"valueRequired\":true,\"valueName\":\"search_term_string\"}}],\"inLanguage\":\"es\"},{\"@type\":[\"Person\",\"Organization\"],\"@id\":\"https:\\\/\\\/digimon-library.com\\\/es\\\/#\\\/schema\\\/person\\\/e5ceeeaa5657d11e368c5d94488bc2f6\",\"name\":\"Kyamos The Stubborn\",\"image\":{\"@type\":\"ImageObject\",\"inLanguage\":\"es\",\"@id\":\"https:\\\/\\\/i0.wp.com\\\/digimon-library.com\\\/wp-content\\\/uploads\\\/Digimon-Library-Logo-1.png?fit=2560%2C560&ssl=1\",\"url\":\"https:\\\/\\\/i0.wp.com\\\/digimon-library.com\\\/wp-content\\\/uploads\\\/Digimon-Library-Logo-1.png?fit=2560%2C560&ssl=1\",\"contentUrl\":\"https:\\\/\\\/i0.wp.com\\\/digimon-library.com\\\/wp-content\\\/uploads\\\/Digimon-Library-Logo-1.png?fit=2560%2C560&ssl=1\",\"width\":2560,\"height\":560,\"caption\":\"Kyamos The Stubborn\"},\"logo\":{\"@id\":\"https:\\\/\\\/i0.wp.com\\\/digimon-library.com\\\/wp-content\\\/uploads\\\/Digimon-Library-Logo-1.png?fit=2560%2C560&ssl=1\"},\"description\":\"Admin, amateur translator and collectionist of many things. On a mission to acquire and share all kind of Digimon Books.\",\"sameAs\":[\"https:\\\/\\\/digimon-library.com\"]}]}<\/script>\n<!-- \/ Yoast SEO plugin. -->","yoast_head_json":{"title":"Digimon World: Digital Card Battle (Playstation Winning Strategy Special) - Digimon Library","robots":{"index":"index","follow":"follow","max-snippet":"max-snippet:-1","max-image-preview":"max-image-preview:large","max-video-preview":"max-video-preview:-1"},"canonical":"https:\/\/digimon-library.com\/es\/digimon-world-digital-card-battle-playstation-winning-strategy-special\/","og_locale":"es_ES","og_type":"article","og_title":"Digimon World: Digital Card Battle (Playstation Winning Strategy Special) - Digimon Library","og_description":"Digimon World: Digital Card Battle (Playstation Winning Strategy Special) Direct Download (Google Drive)","og_url":"https:\/\/digimon-library.com\/es\/digimon-world-digital-card-battle-playstation-winning-strategy-special\/","og_site_name":"Digimon Library","og_image":[{"width":775,"height":1024,"url":"https:\/\/digimon-library.com\/wp-content\/uploads\/Digimon-World-Digital-Card-Battle-Playstation-Winning-Strategy-Special-775x1024.png","type":"image\/png"}],"twitter_card":"summary_large_image","twitter_misc":{"Tiempo de lectura":"1 minuto"},"schema":{"@context":"https:\/\/schema.org","@graph":[{"@type":"WebPage","@id":"https:\/\/digimon-library.com\/es\/digimon-world-digital-card-battle-playstation-winning-strategy-special\/","url":"https:\/\/digimon-library.com\/es\/digimon-world-digital-card-battle-playstation-winning-strategy-special\/","name":"Digimon World: Digital Card Battle (Playstation Winning Strategy Special) - Digimon Library","isPartOf":{"@id":"https:\/\/digimon-library.com\/es\/#website"},"primaryImageOfPage":{"@id":"https:\/\/digimon-library.com\/es\/digimon-world-digital-card-battle-playstation-winning-strategy-special\/#primaryimage"},"image":{"@id":"https:\/\/digimon-library.com\/es\/digimon-world-digital-card-battle-playstation-winning-strategy-special\/#primaryimage"},"thumbnailUrl":"https:\/\/i0.wp.com\/digimon-library.com\/wp-content\/uploads\/Digimon-World-Digital-Card-Battle-Playstation-Winning-Strategy-Special-scaled.png?fit=1938%2C2560&ssl=1","datePublished":"2026-04-12T18:18:15+00:00","breadcrumb":{"@id":"https:\/\/digimon-library.com\/es\/digimon-world-digital-card-battle-playstation-winning-strategy-special\/#breadcrumb"},"inLanguage":"es","potentialAction":[{"@type":"ReadAction","target":["https:\/\/digimon-library.com\/es\/digimon-world-digital-card-battle-playstation-winning-strategy-special\/"]}]},{"@type":"ImageObject","inLanguage":"es","@id":"https:\/\/digimon-library.com\/es\/digimon-world-digital-card-battle-playstation-winning-strategy-special\/#primaryimage","url":"https:\/\/i0.wp.com\/digimon-library.com\/wp-content\/uploads\/Digimon-World-Digital-Card-Battle-Playstation-Winning-Strategy-Special-scaled.png?fit=1938%2C2560&ssl=1","contentUrl":"https:\/\/i0.wp.com\/digimon-library.com\/wp-content\/uploads\/Digimon-World-Digital-Card-Battle-Playstation-Winning-Strategy-Special-scaled.png?fit=1938%2C2560&ssl=1","width":1938,"height":2560},{"@type":"BreadcrumbList","@id":"https:\/\/digimon-library.com\/es\/digimon-world-digital-card-battle-playstation-winning-strategy-special\/#breadcrumb","itemListElement":[{"@type":"ListItem","position":1,"name":"Home","item":"https:\/\/digimon-library.com\/"},{"@type":"ListItem","position":2,"name":"Digimon World: Digital Card Battle (Playstation Winning Strategy Special)"}]},{"@type":"WebSite","@id":"https:\/\/digimon-library.com\/es\/#website","url":"https:\/\/digimon-library.com\/es\/","name":"Digimon Library","description":"El Mayor archivo de Libros Digimon","publisher":{"@id":"https:\/\/digimon-library.com\/es\/#\/schema\/person\/e5ceeeaa5657d11e368c5d94488bc2f6"},"potentialAction":[{"@type":"SearchAction","target":{"@type":"EntryPoint","urlTemplate":"https:\/\/digimon-library.com\/es\/?s={search_term_string}"},"query-input":{"@type":"PropertyValueSpecification","valueRequired":true,"valueName":"search_term_string"}}],"inLanguage":"es"},{"@type":["Person","Organization"],"@id":"https:\/\/digimon-library.com\/es\/#\/schema\/person\/e5ceeeaa5657d11e368c5d94488bc2f6","name":"Kyamos The Stubborn","image":{"@type":"ImageObject","inLanguage":"es","@id":"https:\/\/i0.wp.com\/digimon-library.com\/wp-content\/uploads\/Digimon-Library-Logo-1.png?fit=2560%2C560&ssl=1","url":"https:\/\/i0.wp.com\/digimon-library.com\/wp-content\/uploads\/Digimon-Library-Logo-1.png?fit=2560%2C560&ssl=1","contentUrl":"https:\/\/i0.wp.com\/digimon-library.com\/wp-content\/uploads\/Digimon-Library-Logo-1.png?fit=2560%2C560&ssl=1","width":2560,"height":560,"caption":"Kyamos The Stubborn"},"logo":{"@id":"https:\/\/i0.wp.com\/digimon-library.com\/wp-content\/uploads\/Digimon-Library-Logo-1.png?fit=2560%2C560&ssl=1"},"description":"Admin, amateur translator and collectionist of many things. On a mission to acquire and share all kind of Digimon Books.","sameAs":["https:\/\/digimon-library.com"]}]}},"jetpack_sharing_enabled":true,"_links":{"self":[{"href":"https:\/\/digimon-library.com\/es\/wp-json\/wp\/v2\/pages\/3216","targetHints":{"allow":["GET"]}}],"collection":[{"href":"https:\/\/digimon-library.com\/es\/wp-json\/wp\/v2\/pages"}],"about":[{"href":"https:\/\/digimon-library.com\/es\/wp-json\/wp\/v2\/types\/page"}],"author":[{"embeddable":true,"href":"https:\/\/digimon-library.com\/es\/wp-json\/wp\/v2\/users\/1"}],"replies":[{"embeddable":true,"href":"https:\/\/digimon-library.com\/es\/wp-json\/wp\/v2\/comments?post=3216"}],"version-history":[{"count":1,"href":"https:\/\/digimon-library.com\/es\/wp-json\/wp\/v2\/pages\/3216\/revisions"}],"predecessor-version":[{"id":3218,"href":"https:\/\/digimon-library.com\/es\/wp-json\/wp\/v2\/pages\/3216\/revisions\/3218"}],"wp:featuredmedia":[{"embeddable":true,"href":"https:\/\/digimon-library.com\/es\/wp-json\/wp\/v2\/media\/3214"}],"wp:attachment":[{"href":"https:\/\/digimon-library.com\/es\/wp-json\/wp\/v2\/media?parent=3216"}],"curies":[{"name":"wp","href":"https:\/\/api.w.org\/{rel}","templated":true}]}}